{"id":8,"date":"2025-09-14T23:19:13","date_gmt":"2025-09-14T21:19:13","guid":{"rendered":"http:\/\/192.168.178.156\/?page_id=8"},"modified":"2025-09-20T20:56:36","modified_gmt":"2025-09-20T18:56:36","slug":"dakasy","status":"publish","type":"page","link":"https:\/\/info.dakasy.de\/dakasy\/","title":{"rendered":"DAKASY"},"content":{"rendered":"\n<div class=\"wp-block-group alignfull is-content-justification-center is-nowrap is-layout-flex wp-container-core-group-is-layout-1363b4ad wp-block-group-is-layout-flex\" style=\"min-height:0vh;margin-top:0;margin-bottom:0;padding-top:var(--wp--preset--spacing--70);padding-right:var(--wp--preset--spacing--40);padding-bottom:var(--wp--preset--spacing--70);padding-left:var(--wp--preset--spacing--40)\">\n<div class=\"wp-block-group has-global-padding is-layout-constrained wp-container-core-group-is-layout-346627ba wp-block-group-is-layout-constrained\">\n<h2 class=\"wp-block-heading has-text-align-center has-xx-large-font-size\" style=\"margin-right:0;margin-left:0;padding-right:0;padding-left:0\"><strong>#1 Kamera f\u00fcr datenschutzkonforme Verkehrsanalyse<\/strong><\/h2>\n\n\n\n<p class=\"has-text-align-center\">Pr\u00e4zise Verkehrsdaten \u2013 ohne rechtliche Grauzonen, ohne Personalaufwand.<\/p>\n\n\n\n<p class=\"has-text-align-center\">Mit <strong>DAKASY<\/strong> erfassen Sie Rad- und Fu\u00dfverkehr hochaufl\u00f6send, anonymisiert und automatisch auswertbar.<br>Endlich valide Daten f\u00fcr bessere Infrastruktur, sichere Planung und erfolgreiche F\u00f6rderantr\u00e4ge.<\/p>\n\n\n\n<div class=\"wp-block-buttons is-content-justification-center is-layout-flex wp-container-core-buttons-is-layout-a89b3969 wp-block-buttons-is-layout-flex\">\n<div class=\"wp-block-button\"><a class=\"wp-block-button__link wp-element-button\" href=\"https:\/\/info.dakasy.de\/dakasy\/newsletter-anmeldung\/\">Informiert bleiben<\/a><\/div>\n<\/div>\n<\/div>\n\n\n\n<div class=\"wp-block-group is-nowrap is-layout-flex wp-container-core-group-is-layout-6c531013 wp-block-group-is-layout-flex\">\n<figure class=\"wp-block-image size-large\"><img loading=\"lazy\" decoding=\"async\" width=\"1024\" height=\"683\" src=\"http:\/\/info.dakasy.de\/wp-content\/uploads\/2025\/09\/Logo-mitSlogan-1024x683.png\" alt=\"\" class=\"wp-image-16\" srcset=\"https:\/\/info.dakasy.de\/wp-content\/uploads\/2025\/09\/Logo-mitSlogan-1024x683.png 1024w, https:\/\/info.dakasy.de\/wp-content\/uploads\/2025\/09\/Logo-mitSlogan-300x200.png 300w, https:\/\/info.dakasy.de\/wp-content\/uploads\/2025\/09\/Logo-mitSlogan-768x512.png 768w, https:\/\/info.dakasy.de\/wp-content\/uploads\/2025\/09\/Logo-mitSlogan.png 1536w\" sizes=\"auto, (max-width: 1024px) 100vw, 1024px\" \/><\/figure>\n<\/div>\n<\/div>\n\n\n\n<div class=\"wp-block-group alignfull is-style-section-1 has-global-padding is-layout-constrained wp-block-group-is-layout-constrained is-style-section-1--1\" style=\"margin-top:0;margin-bottom:0;padding-top:var(--wp--preset--spacing--80);padding-bottom:var(--wp--preset--spacing--80)\">\n<h2 class=\"wp-block-heading alignwide has-text-align-center\"><strong>Verkehrsdaten sind die Grundlage f\u00fcr sichere St\u00e4dte \u2013 aber sie fehlen.<\/strong><\/h2>\n\n\n\n<div class=\"wp-block-columns alignwide is-layout-flex wp-container-core-columns-is-layout-66fad18a wp-block-columns-is-layout-flex\">\n<div class=\"wp-block-column is-layout-flow wp-block-column-is-layout-flow\">\n<figure class=\"wp-block-image size-large\"><img loading=\"lazy\" decoding=\"async\" width=\"1024\" height=\"790\" src=\"https:\/\/info.dakasy.de\/wp-content\/uploads\/2025\/09\/Puzzle-2-1024x790.png\" alt=\"\" class=\"wp-image-47\" srcset=\"https:\/\/info.dakasy.de\/wp-content\/uploads\/2025\/09\/Puzzle-2-1024x790.png 1024w, https:\/\/info.dakasy.de\/wp-content\/uploads\/2025\/09\/Puzzle-2-300x231.png 300w, https:\/\/info.dakasy.de\/wp-content\/uploads\/2025\/09\/Puzzle-2-768x593.png 768w, https:\/\/info.dakasy.de\/wp-content\/uploads\/2025\/09\/Puzzle-2.png 1484w\" sizes=\"auto, (max-width: 1024px) 100vw, 1024px\" \/><\/figure>\n<\/div>\n\n\n\n<div class=\"wp-block-column is-vertically-aligned-center is-style-default is-layout-flow wp-block-column-is-layout-flow\" style=\"padding-right:0;padding-left:0;flex-basis:50%\">\n<p class=\"is-style-text-subtitle has-large-font-size is-style-text-subtitle--2\">Z\u00e4hlschleifen erfassen keine Fu\u00dfg\u00e4nger oder E-Scooter.<br>Beobachtungsteams sind teuer und liefern nur Momentaufnahmen.<br>Und herk\u00f6mmliche Kameras d\u00fcrfen nicht hochaufl\u00f6send filmen \u2013 weil Gesichter und Kennzeichen nicht erfasst werden d\u00fcrfen.<\/p>\n\n\n\n<p class=\"is-style-text-subtitle has-large-font-size is-style-text-subtitle--3\">Das Ergebnis: <strong>Kommunen und Forschungseinrichtungen arbeiten mit ungenauen oder l\u00fcckenhaften Daten.<\/strong><br>Planung, F\u00f6rderantr\u00e4ge und Sicherheitsma\u00dfnahmen werden so zur Sch\u00e4tzung \u2013 statt zur Entscheidung auf Faktenbasis.<\/p>\n<\/div>\n<\/div>\n\n\n\n<div class=\"wp-block-buttons is-content-justification-center is-layout-flex wp-container-core-buttons-is-layout-a89b3969 wp-block-buttons-is-layout-flex\">\n<div class=\"wp-block-button\"><a class=\"wp-block-button__link wp-element-button\" href=\"\/dakasy\/category\/blog\/\">Schau im Blog vorbei<\/a><\/div>\n<\/div>\n<\/div>\n\n\n\n<div class=\"wp-block-group alignfull has-global-padding is-layout-constrained wp-container-core-group-is-layout-ebee8dc1 wp-block-group-is-layout-constrained\" style=\"margin-top:0;margin-bottom:0;padding-top:var(--wp--preset--spacing--50);padding-bottom:var(--wp--preset--spacing--50)\">\n<h2 class=\"wp-block-heading alignwide has-text-align-center\"><strong>DAKASY macht Verkehrsdaten endlich pr\u00e4zise, datenschutzkonform und automatisch nutzbar.<\/strong><br><\/h2>\n\n\n\n<figure class=\"wp-block-image size-large\"><img loading=\"lazy\" decoding=\"async\" width=\"1024\" height=\"683\" src=\"http:\/\/info.dakasy.de\/wp-content\/uploads\/2025\/09\/Beispielfoto-1-1024x683.jpg\" alt=\"\" class=\"wp-image-13\" srcset=\"https:\/\/info.dakasy.de\/wp-content\/uploads\/2025\/09\/Beispielfoto-1-1024x683.jpg 1024w, https:\/\/info.dakasy.de\/wp-content\/uploads\/2025\/09\/Beispielfoto-1-300x200.jpg 300w, https:\/\/info.dakasy.de\/wp-content\/uploads\/2025\/09\/Beispielfoto-1-768x512.jpg 768w, https:\/\/info.dakasy.de\/wp-content\/uploads\/2025\/09\/Beispielfoto-1.jpg 1536w\" sizes=\"auto, (max-width: 1024px) 100vw, 1024px\" \/><\/figure>\n\n\n\n<div class=\"wp-block-columns alignwide is-layout-flex wp-container-core-columns-is-layout-28f84493 wp-block-columns-is-layout-flex\">\n<div class=\"wp-block-column is-layout-flow wp-block-column-is-layout-flow\">\n<figure class=\"wp-block-image size-full\" style=\"margin-bottom:24px\"><img loading=\"lazy\" decoding=\"async\" width=\"393\" height=\"282\" src=\"http:\/\/info.dakasy.de\/wp-content\/uploads\/2025\/09\/Beispiel-Zensur.png\" alt=\"\" class=\"wp-image-14\" style=\"aspect-ratio:4\/3;object-fit:cover\" srcset=\"https:\/\/info.dakasy.de\/wp-content\/uploads\/2025\/09\/Beispiel-Zensur.png 393w, https:\/\/info.dakasy.de\/wp-content\/uploads\/2025\/09\/Beispiel-Zensur-300x215.png 300w\" sizes=\"auto, (max-width: 393px) 100vw, 393px\" \/><\/figure>\n\n\n\n<h3 class=\"wp-block-heading\"><strong>Datenschutzkonforme Aufzeichnung<\/strong><\/h3>\n\n\n\n<p class=\"has-medium-font-size\">Gesichter und Kennzeichen werden automatisch anonymisiert \u2013 datenschutzkonform und rechtssicher.<\/p>\n<\/div>\n\n\n\n<div class=\"wp-block-column is-layout-flow wp-block-column-is-layout-flow\">\n<figure class=\"wp-block-image size-full\" style=\"margin-bottom:24px\"><img loading=\"lazy\" decoding=\"async\" width=\"818\" height=\"865\" src=\"https:\/\/info.dakasy.de\/wp-content\/uploads\/2025\/09\/beispiel-Teilnehmendenerkennung.png\" alt=\"\" class=\"wp-image-31\" style=\"aspect-ratio:4\/3;object-fit:cover\" srcset=\"https:\/\/info.dakasy.de\/wp-content\/uploads\/2025\/09\/beispiel-Teilnehmendenerkennung.png 818w, https:\/\/info.dakasy.de\/wp-content\/uploads\/2025\/09\/beispiel-Teilnehmendenerkennung-284x300.png 284w, https:\/\/info.dakasy.de\/wp-content\/uploads\/2025\/09\/beispiel-Teilnehmendenerkennung-768x812.png 768w\" sizes=\"auto, (max-width: 818px) 100vw, 818px\" \/><\/figure>\n\n\n\n<h3 class=\"wp-block-heading\"><strong>Hochaufl\u00f6sende Erfassung<\/strong><\/h3>\n\n\n\n<p class=\"has-medium-font-size\">Alle Verkehrsteilnehmenden werden erkannt: Radfahrende, Fu\u00dfg\u00e4nger:innen, E-Scooter \u2013 ohne Verwechslungen.<\/p>\n<\/div>\n\n\n\n<div class=\"wp-block-column is-layout-flow wp-block-column-is-layout-flow\">\n<figure class=\"wp-block-image size-full\" style=\"margin-bottom:24px\"><img loading=\"lazy\" decoding=\"async\" width=\"1021\" height=\"1022\" src=\"https:\/\/info.dakasy.de\/wp-content\/uploads\/2025\/09\/Beispielbild-KI-Auswertung-abstrakt.png\" alt=\"\" class=\"wp-image-36\" style=\"aspect-ratio:4\/3;object-fit:cover\" srcset=\"https:\/\/info.dakasy.de\/wp-content\/uploads\/2025\/09\/Beispielbild-KI-Auswertung-abstrakt.png 1021w, https:\/\/info.dakasy.de\/wp-content\/uploads\/2025\/09\/Beispielbild-KI-Auswertung-abstrakt-300x300.png 300w, https:\/\/info.dakasy.de\/wp-content\/uploads\/2025\/09\/Beispielbild-KI-Auswertung-abstrakt-150x150.png 150w, https:\/\/info.dakasy.de\/wp-content\/uploads\/2025\/09\/Beispielbild-KI-Auswertung-abstrakt-768x769.png 768w\" sizes=\"auto, (max-width: 1021px) 100vw, 1021px\" \/><\/figure>\n\n\n\n<h3 class=\"wp-block-heading\"><strong>Automatisierte KI-Auswertung<\/strong><\/h3>\n\n\n\n<p class=\"has-medium-font-size\">Verkehrsz\u00e4hlungen, Bewegungsanalysen oder Risiko-Hotspots \u2013 direkt nutzbar f\u00fcr Ihre Planung.<\/p>\n<\/div>\n\n\n\n<div class=\"wp-block-column is-layout-flow wp-block-column-is-layout-flow\">\n<figure class=\"wp-block-image size-full\"><img loading=\"lazy\" decoding=\"async\" width=\"800\" height=\"600\" src=\"https:\/\/info.dakasy.de\/wp-content\/uploads\/2025\/09\/Ueberholabstandsmessungsbeispiel.jpg\" alt=\"\" class=\"wp-image-30\" style=\"aspect-ratio:4\/3;object-fit:cover\" srcset=\"https:\/\/info.dakasy.de\/wp-content\/uploads\/2025\/09\/Ueberholabstandsmessungsbeispiel.jpg 800w, https:\/\/info.dakasy.de\/wp-content\/uploads\/2025\/09\/Ueberholabstandsmessungsbeispiel-300x225.jpg 300w, https:\/\/info.dakasy.de\/wp-content\/uploads\/2025\/09\/Ueberholabstandsmessungsbeispiel-768x576.jpg 768w\" sizes=\"auto, (max-width: 800px) 100vw, 800px\" \/><\/figure>\n\n\n\n<h3 class=\"wp-block-heading\"><strong>erstes System mit \u00dcberholabstandsmessung <\/strong><\/h3>\n\n\n\n<p class=\"has-medium-font-size\">Zum ersten Mal vollautomatisch: Auto\u2013Fahrrad-\u00dcberholabst\u00e4nde ohne Personalaufwand erfassen.<\/p>\n<\/div>\n<\/div>\n<\/div>\n\n\n\n<div class=\"wp-block-buttons is-content-justification-center is-layout-flex wp-container-core-buttons-is-layout-a89b3969 wp-block-buttons-is-layout-flex\">\n<div class=\"wp-block-button\"><a class=\"wp-block-button__link wp-element-button\" href=\"https:\/\/info.dakasy.de\/dakasy\/newsletter-anmeldung\/\">Jetzt zum Newsletter anmelden<\/a><\/div>\n<\/div>\n\n\n\n<div class=\"wp-block-group alignfull has-global-padding is-layout-constrained wp-block-group-is-layout-constrained\" style=\"margin-top:0;margin-bottom:0;padding-top:var(--wp--preset--spacing--60);padding-bottom:var(--wp--preset--spacing--60)\">\n<div class=\"wp-block-columns alignwide is-layout-flex wp-container-core-columns-is-layout-74b2cda3 wp-block-columns-is-layout-flex\">\n<div class=\"wp-block-column is-layout-flow wp-block-column-is-layout-flow\">\n<div class=\"wp-block-group is-vertical is-content-justification-right is-layout-flex wp-container-core-group-is-layout-29c54629 wp-block-group-is-layout-flex\" style=\"min-height:100%\">\n<blockquote class=\"wp-block-quote is-style-plain has-x-large-font-size is-layout-flow wp-container-core-quote-is-layout-5dafc681 wp-block-quote-is-layout-flow is-style-plain--4\" style=\"font-style:normal;font-weight:400\">\n<div class=\"wp-block-group has-global-padding is-content-justification-left is-layout-constrained wp-container-core-group-is-layout-085bd3d9 wp-block-group-is-layout-constrained\" style=\"margin-top:0;margin-bottom:0;padding-top:0;padding-right:0;padding-bottom:0;padding-left:0\">\n<p class=\"has-text-align-right has-x-large-font-size\"><strong>So vielseitig k\u00f6nnen Sie DAKASY einsetzen:<\/strong><\/p>\n\n\n\n<p class=\"has-text-align-right has-medium-font-size\">\ud83d\udeb2 <strong>Radverkehr analysieren<\/strong><br>Z\u00e4hlen, Klassifizieren, Konfliktpunkte sichtbar machen \u2013 endlich verl\u00e4ssliche Daten f\u00fcr sichere Radinfrastruktur.<\/p>\n\n\n\n<p class=\"has-text-align-right has-medium-font-size\">\ud83d\udeb6 <strong>Fu\u00dfg\u00e4ngerstr\u00f6me verstehen<\/strong><br>Querungen, Gehwege, Platznutzung \u2013 pr\u00e4zise und anonym erfasst.<\/p>\n\n\n\n<p class=\"has-text-align-right has-medium-font-size\">\ud83d\udef4 <strong>E-Scooter und Mikromobilit\u00e4t beobachten<\/strong><br>Nutzung, Routen und Konflikte sichtbar machen, die mit anderen Methoden unsichtbar bleiben.<\/p>\n\n\n\n<p class=\"has-text-align-right has-medium-font-size\">\ud83d\ude97 <strong>\u00dcberholabst\u00e4nde messen<\/strong><br>Zum ersten Mal automatisiert und objektiv: Abstand Auto \u2194 Fahrrad ohne Personalaufwand.<\/p>\n\n\n\n<p class=\"has-text-align-right has-medium-font-size\">\ud83d\udcca <strong>Langzeitmonitoring f\u00fcr Projekte &amp; F\u00f6rderantr\u00e4ge<\/strong><br>Valide Daten f\u00fcr Ma\u00dfnahmenbewertung, F\u00f6rdermittel und politische Entscheidungen.<\/p>\n<\/div>\n<\/blockquote>\n<\/div>\n<\/div>\n\n\n\n<div class=\"wp-block-column is-layout-flow wp-block-column-is-layout-flow\" style=\"padding-top:0;padding-right:0;padding-bottom:0;padding-left:0\">\n<figure class=\"wp-block-image size-large\"><img loading=\"lazy\" decoding=\"async\" width=\"1024\" height=\"930\" src=\"https:\/\/info.dakasy.de\/wp-content\/uploads\/2025\/09\/Flussdiagramm-Funktionsweise-1-1024x930.png\" alt=\"\" class=\"wp-image-38\" style=\"aspect-ratio:1;object-fit:cover\" srcset=\"https:\/\/info.dakasy.de\/wp-content\/uploads\/2025\/09\/Flussdiagramm-Funktionsweise-1-1024x930.png 1024w, https:\/\/info.dakasy.de\/wp-content\/uploads\/2025\/09\/Flussdiagramm-Funktionsweise-1-300x272.png 300w, https:\/\/info.dakasy.de\/wp-content\/uploads\/2025\/09\/Flussdiagramm-Funktionsweise-1-768x697.png 768w, https:\/\/info.dakasy.de\/wp-content\/uploads\/2025\/09\/Flussdiagramm-Funktionsweise-1.png 1306w\" sizes=\"auto, (max-width: 1024px) 100vw, 1024px\" \/><\/figure>\n<\/div>\n<\/div>\n\n\n\n<div class=\"wp-block-buttons is-content-justification-center is-layout-flex wp-container-core-buttons-is-layout-a89b3969 wp-block-buttons-is-layout-flex\">\n<div class=\"wp-block-button\"><a class=\"wp-block-button__link wp-element-button\" href=\"mailto:felix@dakasy.de\">Noch Fragen? Wir helfen weiter!<\/a><\/div>\n<\/div>\n<\/div>\n\n\n\n<h2 class=\"wp-block-heading alignwide has-text-align-center\">Ihr Ansprechpartner<\/h2>\n\n\n\n<div class=\"wp-block-columns is-layout-flex wp-container-core-columns-is-layout-28f84493 wp-block-columns-is-layout-flex\">\n<div class=\"wp-block-column is-vertically-aligned-center is-layout-flow wp-block-column-is-layout-flow\">\n<p class=\"has-text-align-right\">Felix Meyer<\/p>\n\n\n\n<figure class=\"wp-block-image alignright size-full\"><img loading=\"lazy\" decoding=\"async\" width=\"1194\" height=\"1196\" src=\"https:\/\/info.dakasy.de\/wp-content\/uploads\/2025\/09\/Felix-Dakasy-1.png\" alt=\"\" class=\"wp-image-110\" srcset=\"https:\/\/info.dakasy.de\/wp-content\/uploads\/2025\/09\/Felix-Dakasy-1.png 1194w, https:\/\/info.dakasy.de\/wp-content\/uploads\/2025\/09\/Felix-Dakasy-1-300x300.png 300w, https:\/\/info.dakasy.de\/wp-content\/uploads\/2025\/09\/Felix-Dakasy-1-1022x1024.png 1022w, https:\/\/info.dakasy.de\/wp-content\/uploads\/2025\/09\/Felix-Dakasy-1-150x150.png 150w, https:\/\/info.dakasy.de\/wp-content\/uploads\/2025\/09\/Felix-Dakasy-1-768x769.png 768w\" sizes=\"auto, (max-width: 1194px) 100vw, 1194px\" \/><\/figure>\n<\/div>\n\n\n\n<div class=\"wp-block-column is-layout-flow wp-block-column-is-layout-flow\">\n<p class=\"has-text-align-left\">Ich habe DAKASY im Rahmen meiner Masterarbeit entwickelt \u2013 mit dem Ziel eine datenschutzkonforme und praxisnahe L\u00f6sung f\u00fcr moderne Verkehrsanalyse zu schaffen. Dadurch ist das einzigartige Konzept von DAKASY entstanden.<\/p>\n<\/div>\n<\/div>\n\n\n\n<div class=\"wp-block-buttons is-content-justification-center is-layout-flex wp-container-core-buttons-is-layout-a89b3969 wp-block-buttons-is-layout-flex\">\n<div class=\"wp-block-button\"><a class=\"wp-block-button__link wp-element-button\">Interessiert? Schreiben Sie uns!<\/a><\/div>\n<\/div>\n\n\n\n<div class=\"wp-block-group alignfull has-global-padding is-layout-constrained wp-block-group-is-layout-constrained\" style=\"margin-top:0;margin-bottom:0;padding-top:var(--wp--preset--spacing--60);padding-bottom:var(--wp--preset--spacing--60)\">\n<h2 class=\"wp-block-heading alignwide has-text-align-center\">DAKASYs Vorteile<\/h2>\n\n\n\n<p class=\"has-text-align-center\">durch die einzigartige Herangehensweise, Verkehrsdaten zu erfassen<\/p>\n\n\n\n<div style=\"height:var(--wp--preset--spacing--40)\" aria-hidden=\"true\" class=\"wp-block-spacer\"><\/div>\n\n\n\n<div class=\"wp-block-columns alignwide is-layout-flex wp-container-core-columns-is-layout-1d9f35bd wp-block-columns-is-layout-flex\">\n<div class=\"wp-block-column has-border-color is-layout-flow wp-block-column-is-layout-flow\" style=\"border-color:var(--wp--preset--color--accent-6);border-width:1px;border-radius:10px;padding-top:var(--wp--preset--spacing--50);padding-right:var(--wp--preset--spacing--50);padding-bottom:var(--wp--preset--spacing--50);padding-left:var(--wp--preset--spacing--50)\">\n<h3 class=\"wp-block-heading\" id=\"free\">DAKASY<\/h3>\n\n\n\n<p class=\"is-style-text-annotation is-style-text-annotation--5\">hochaufl\u00f6sende Videos durch Anonymisierung, nachtr\u00e4gliche Auswertung<\/p>\n\n\n\n<p class=\"has-small-font-size\">\u2705 datenschutzkonform<\/p>\n\n\n\n<p class=\"has-small-font-size\">\u2705 pr\u00e4zise<\/p>\n\n\n\n<p class=\"has-small-font-size\">\u2705 mehrere KI-Auswertungen<\/p>\n\n\n\n<p class=\"has-small-font-size\">\u2705 Dauerbetrieb<\/p>\n\n\n\n<p class=\"has-small-font-size\">\u2705 Personalaufwand gering<\/p>\n<\/div>\n\n\n\n<div class=\"wp-block-column has-border-color is-layout-flow wp-block-column-is-layout-flow\" style=\"border-color:var(--wp--preset--color--accent-6);border-width:1px;border-radius:10px;padding-top:var(--wp--preset--spacing--50);padding-right:var(--wp--preset--spacing--50);padding-bottom:var(--wp--preset--spacing--50);padding-left:var(--wp--preset--spacing--50)\">\n<h3 class=\"wp-block-heading\" id=\"single\">Edge-Processing<\/h3>\n\n\n\n<p class=\"is-style-text-annotation is-style-text-annotation--6\">Auswertung direkt live  &#8211; ohne Speichern der Kameradaten<\/p>\n\n\n\n<p class=\"has-small-font-size\">\u2705 datenschutzkonform<\/p>\n\n\n\n<p class=\"has-small-font-size\">\u274c nicht nachvollziehbar<\/p>\n\n\n\n<p class=\"has-small-font-size\">\u274c einmalige Auswertung<\/p>\n\n\n\n<p class=\"has-small-font-size\">\u2705 Dauerbetrieb<\/p>\n\n\n\n<p class=\"has-small-font-size\">\u2705 Personalaufwand gering<\/p>\n<\/div>\n\n\n\n<div class=\"wp-block-column has-border-color is-layout-flow wp-block-column-is-layout-flow\" style=\"border-color:var(--wp--preset--color--accent-6);border-width:1px;border-radius:10px;padding-top:var(--wp--preset--spacing--50);padding-right:var(--wp--preset--spacing--50);padding-bottom:var(--wp--preset--spacing--50);padding-left:var(--wp--preset--spacing--50)\">\n<h3 class=\"wp-block-heading\">Verkehrskamera<\/h3>\n\n\n\n<p class=\"is-style-text-annotation is-style-text-annotation--7\">Datenschutzauflagen \u2192 nur niedrige Aufl\u00f6sung \u2192 keine KI-Auswertung<\/p>\n\n\n\n<p class=\"has-small-font-size\">\u2705 datenschutzkonform<\/p>\n\n\n\n<p class=\"has-small-font-size\">\u274c nicht pr\u00e4zise<\/p>\n\n\n\n<p class=\"has-small-font-size\">\u274c keine Auswertung<\/p>\n\n\n\n<p class=\"has-small-font-size\">\u2705 Dauerbetrieb<\/p>\n\n\n\n<p class=\"has-small-font-size\">\u274c hoher Personalaufwand zur Auswertung<\/p>\n<\/div>\n\n\n\n<div class=\"wp-block-column has-border-color is-layout-flow wp-block-column-is-layout-flow\" style=\"border-color:var(--wp--preset--color--accent-6);border-width:1px;border-radius:10px;padding-top:var(--wp--preset--spacing--50);padding-right:var(--wp--preset--spacing--50);padding-bottom:var(--wp--preset--spacing--50);padding-left:var(--wp--preset--spacing--50)\">\n<h3 class=\"wp-block-heading\">Beobachtung<\/h3>\n\n\n\n<p class=\"is-style-text-annotation is-style-text-annotation--8\">Mitarbeitende beobachten bestimmte Stra\u00dfenabschnitte<\/p>\n\n\n\n<p class=\"has-small-font-size\">\u2705 datenschutzkonform<\/p>\n\n\n\n<p class=\"has-small-font-size\">\u2705 pr\u00e4zise<\/p>\n\n\n\n<p class=\"has-small-font-size\">\u274c nur Z\u00e4hlungen<\/p>\n\n\n\n<p class=\"has-small-font-size\">\u274c kein Dauerbetrieb<\/p>\n\n\n\n<p class=\"has-small-font-size\">\u274c Personalaufwand sehr hoch<\/p>\n<\/div>\n<\/div>\n<\/div>\n\n\n\n<aside class=\"wp-block-group alignfull is-style-section-3 has-global-padding is-layout-constrained wp-container-core-group-is-layout-f0f2a97b wp-block-group-is-layout-constrained is-style-section-3--9\" style=\"margin-top:0;margin-bottom:0;padding-top:var(--wp--preset--spacing--50);padding-right:var(--wp--preset--spacing--50);padding-bottom:var(--wp--preset--spacing--50);padding-left:var(--wp--preset--spacing--50)\">\n<div class=\"wp-block-group is-vertical is-content-justification-center is-layout-flex wp-container-core-group-is-layout-8778ca4a wp-block-group-is-layout-flex\" style=\"min-height:360px;margin-top:0;margin-bottom:0\">\n<h2 class=\"wp-block-heading has-text-align-center has-xx-large-font-size\">Bleiben Sie einen Schritt voraus<\/h2>\n\n\n\n<p class=\"has-text-align-center is-style-text-subtitle is-style-text-subtitle--10\">Erfahren Sie direkt, wenn DAKASY verf\u00fcgbar ist oder verfolgen Sie den Entwicklungsstand.<\/p>\n\n\n\n<div style=\"height:0px\" aria-hidden=\"true\" class=\"wp-block-spacer wp-container-content-62aae154\"><\/div>\n\n\n\n<div class=\"wp-block-buttons is-content-justification-center is-layout-flex wp-container-core-buttons-is-layout-a89b3969 wp-block-buttons-is-layout-flex\">\n<div class=\"wp-block-button\"><a class=\"wp-block-button__link has-text-align-center wp-element-button\" href=\"https:\/\/info.dakasy.de\/dakasy\/newsletter-anmeldung\/\">Newsletter abonnieren<\/a><\/div>\n<\/div>\n<\/div>\n<\/aside>\n","protected":false},"excerpt":{"rendered":"<p>#1 Kamera f\u00fcr datenschutzkonforme Verkehrsanalyse Pr\u00e4zise Verkehrsdaten \u2013 ohne rechtliche Grauzonen, ohne Personalaufwand. Mit DAKASY erfassen Sie Rad- und Fu\u00dfverkehr hochaufl\u00f6send, anonymisiert und automatisch auswertbar.Endlich valide Daten f\u00fcr bessere Infrastruktur, sichere Planung und erfolgreiche F\u00f6rderantr\u00e4ge. Verkehrsdaten sind die Grundlage f\u00fcr sichere St\u00e4dte \u2013 aber sie fehlen. Z\u00e4hlschleifen erfassen keine Fu\u00dfg\u00e4nger oder E-Scooter.Beobachtungsteams sind teuer und [&hellip;]<\/p>\n","protected":false},"author":1,"featured_media":0,"parent":0,"menu_order":0,"comment_status":"closed","ping_status":"closed","template":"","meta":{"footnotes":""},"class_list":["post-8","page","type-page","status-publish","hentry"],"_links":{"self":[{"href":"https:\/\/info.dakasy.de\/dakasy\/wp-json\/wp\/v2\/pages\/8","targetHints":{"allow":["GET"]}}],"collection":[{"href":"https:\/\/info.dakasy.de\/dakasy\/wp-json\/wp\/v2\/pages"}],"about":[{"href":"https:\/\/info.dakasy.de\/dakasy\/wp-json\/wp\/v2\/types\/page"}],"author":[{"embeddable":true,"href":"https:\/\/info.dakasy.de\/dakasy\/wp-json\/wp\/v2\/users\/1"}],"replies":[{"embeddable":true,"href":"https:\/\/info.dakasy.de\/dakasy\/wp-json\/wp\/v2\/comments?post=8"}],"version-history":[{"count":21,"href":"https:\/\/info.dakasy.de\/dakasy\/wp-json\/wp\/v2\/pages\/8\/revisions"}],"predecessor-version":[{"id":118,"href":"https:\/\/info.dakasy.de\/dakasy\/wp-json\/wp\/v2\/pages\/8\/revisions\/118"}],"wp:attachment":[{"href":"https:\/\/info.dakasy.de\/dakasy\/wp-json\/wp\/v2\/media?parent=8"}],"curies":[{"name":"wp","href":"https:\/\/api.w.org\/{rel}","templated":true}]}}